{"id":5,"date":"2021-09-29T18:12:22","date_gmt":"2021-09-29T18:12:22","guid":{"rendered":"https:\/\/torostrading.com.br\/blog\/?page_id=5"},"modified":"2021-09-29T19:30:13","modified_gmt":"2021-09-29T19:30:13","slug":"crie-seu-site-com-blocos","status":"publish","type":"page","link":"https:\/\/torostrading.com.br\/blog\/","title":{"rendered":"Blog da Toros Trading"},"content":{"rendered":"\n<h2 class=\"alignwide has-text-align-wide has-gigantic-font-size wp-block-heading\" style=\"line-height:1.1\">\u00daltimas publica\u00e7\u00f5es<\/h2>\n\n\n<ul class=\"wp-block-latest-posts__list has-dates wp-block-latest-posts\"><li><a class=\"wp-block-latest-posts__post-title\" href=\"https:\/\/torostrading.com.br\/blog\/2021\/09\/29\/hello-world\/\">Hello world!<\/a><time datetime=\"2021-09-29T17:50:45+00:00\" class=\"wp-block-latest-posts__post-date\">setembro 29, 2021<\/time><div class=\"wp-block-latest-posts__post-excerpt\">Welcome to WordPress. This is your first post. Edit or delete it, then start writing!<\/div><\/li>\n<\/ul>","protected":false},"excerpt":{"rendered":"<p>\u00daltimas publica\u00e7\u00f5es<\/p>\n","protected":false},"author":1,"featured_media":28,"parent":0,"menu_order":0,"comment_status":"closed","ping_status":"closed","template":"","meta":[],"_links":{"self":[{"href":"https:\/\/torostrading.com.br\/blog\/wp-json\/wp\/v2\/pages\/5"}],"collection":[{"href":"https:\/\/torostrading.com.br\/blog\/wp-json\/wp\/v2\/pages"}],"about":[{"href":"https:\/\/torostrading.com.br\/blog\/wp-json\/wp\/v2\/types\/page"}],"author":[{"embeddable":true,"href":"https:\/\/torostrading.com.br\/blog\/wp-json\/wp\/v2\/users\/1"}],"replies":[{"embeddable":true,"href":"https:\/\/torostrading.com.br\/blog\/wp-json\/wp\/v2\/comments?post=5"}],"version-history":[{"count":4,"href":"https:\/\/torostrading.com.br\/blog\/wp-json\/wp\/v2\/pages\/5\/revisions"}],"predecessor-version":[{"id":27,"href":"https:\/\/torostrading.com.br\/blog\/wp-json\/wp\/v2\/pages\/5\/revisions\/27"}],"wp:featuredmedia":[{"embeddable":true,"href":"https:\/\/torostrading.com.br\/blog\/wp-json\/wp\/v2\/media\/28"}],"wp:attachment":[{"href":"https:\/\/torostrading.com.br\/blog\/wp-json\/wp\/v2\/media?parent=5"}],"curies":[{"name":"wp","href":"https:\/\/api.w.org\/{rel}","templated":true}]}}